{"id":612,"date":"2021-09-03T21:27:44","date_gmt":"2021-09-03T19:27:44","guid":{"rendered":"http:\/\/senegalsuntravel.sn\/?page_id=612"},"modified":"2021-09-04T02:23:51","modified_gmt":"2021-09-04T00:23:51","slug":"le-senegal-une-destination-touristique-ou-lhospitalite-prend-tout-son-sens","status":"publish","type":"page","link":"https:\/\/senegalsuntravel.sn\/index.php\/le-senegal-une-destination-touristique-ou-lhospitalite-prend-tout-son-sens\/","title":{"rendered":"Le S\u00e9n\u00e9gal : une destination touristique o\u00f9 l\u2019hospitalit\u00e9 prend tout son sens"},"content":{"rendered":"\n<p>&#8220;Salamalekum&#8221; (bonjour en wolof). C\u2019est l\u2019un des premiers mots que vous entendez \u00e0 peine arriv\u00e9 au S\u00e9n\u00e9gal. Bienvenue au S\u00e9n\u00e9gal, un pays d\u2019Afrique de l\u2019Ouest o\u00f9 l\u2019hospitalit\u00e9 prend tout son sens. D\u2019ailleurs, le pays est surnomm\u00e9&nbsp;\u00ab\u2009le pays de la Terranga\u2009\u00bb&nbsp;(hospitalit\u00e9 en wolof)&nbsp;: le sourire, l\u2019humain, l\u2019accueil, nul doute que tout cela ne vous laissera pas indiff\u00e9rent.<br><\/p>\n\n\n\n<div class=\"wp-block-group\"><div class=\"wp-block-group__inner-container\">\n<div class=\"wp-block-columns\">\n<div class=\"wp-block-column\">\n<figure class=\"wp-block-image size-large\"><img loading=\"lazy\" width=\"678\" height=\"381\" src=\"http:\/\/senegalsuntravel.sn\/wp-content\/uploads\/2021\/09\/Phtoto-Accueil-Senegal.jpg\" alt=\"\" class=\"wp-image-582\" srcset=\"https:\/\/senegalsuntravel.sn\/wp-content\/uploads\/2021\/09\/Phtoto-Accueil-Senegal.jpg 678w, https:\/\/senegalsuntravel.sn\/wp-content\/uploads\/2021\/09\/Phtoto-Accueil-Senegal-300x169.jpg 300w\" sizes=\"(max-width: 678px) 100vw, 678px\" \/><\/figure>\n\n\n\n<p>Vous d\u00e9marrez votre voyage dans la capitale vibrante de Dakar, puis \u00e0 chaque jour son lot de d\u00e9couverte et de d\u00e9paysement.<\/p>\n\n\n\n<p><\/p>\n<\/div>\n\n\n\n<div class=\"wp-block-column\">\n<figure class=\"wp-block-image size-large is-resized\"><img loading=\"lazy\" src=\"https:\/\/senegalsuntravel.sn\/wp-content\/uploads\/2021\/09\/image-Lac-rose.jpg\" alt=\"\" class=\"wp-image-627\" width=\"576\" height=\"322\"\/><\/figure>\n\n\n\n<p style=\"font-size:18px\">Durant votre circuit, vous traversez des villages de p\u00eacheurs, des parcs naturels de toute beaut\u00e9 o\u00f9 la faune et la flore y sont exceptionnelles et pr\u00e9serv\u00e9es.<\/p>\n<\/div>\n<\/div>\n\n\n\n<div class=\"wp-block-columns\">\n<div class=\"wp-block-column\">\n<figure class=\"wp-block-embed-youtube wp-block-embed is-type-video is-provider-youtube wp-embed-aspect-16-9 wp-has-aspect-ratio\"><div class=\"wp-block-embed__wrapper\">\n<div class=\"nv-iframe-embed\"><iframe title=\"Dakar - S\u00e9n\u00e9gal\" width=\"1200\" height=\"675\" src=\"https:\/\/www.youtube.com\/embed\/ztwQW4I9vlw?feature=oembed\" frameborder=\"0\" allow=\"accelerometer; autoplay; clipboard-write; encrypted-media; gyroscope; picture-in-picture\" allowfullscreen><\/iframe><\/div>\n<\/div><\/figure>\n<\/div>\n\n\n\n<div class=\"wp-block-column\">\n<figure class=\"wp-block-embed-youtube wp-block-embed is-type-video is-provider-youtube wp-embed-aspect-16-9 wp-has-aspect-ratio\"><div class=\"wp-block-embed__wrapper\">\n<div class=\"nv-iframe-embed\"><iframe title=\"SENEGAL, LA TERANGA\" width=\"1200\" height=\"675\" src=\"https:\/\/www.youtube.com\/embed\/yYABIRp4MF0?feature=oembed\" frameborder=\"0\" allow=\"accelerometer; autoplay; clipboard-write; encrypted-media; gyroscope; picture-in-picture\" allowfullscreen><\/iframe><\/div>\n<\/div><\/figure>\n<\/div>\n<\/div>\n\n\n\n<p>Voyager au S\u00e9n\u00e9gal c\u2019est aussi la garantie d&#8217;humer la douceur de vivre des belles r\u00e9gions du pays comme la Casamance ou le Sine-Saloum. Ajoutez \u00e0 cela bien d\u2019autres p\u00e9pites \u00e0 d\u00e9couvrir comme le lac Rose, le d\u00e9sert de Lompoul, le parc national du Djoudj ou encore d\u2019autres sites incontournables comme la ville de Saint-Louis et l\u2019\u00eele de Gor\u00e9e.<br><\/p>\n<\/div><\/div>\n","protected":false},"excerpt":{"rendered":"<p>&#8220;Salamalekum&#8221; (bonjour en wolof). C\u2019est l\u2019un des premiers mots que vous entendez \u00e0 peine arriv\u00e9 au S\u00e9n\u00e9gal. Bienvenue au S\u00e9n\u00e9gal, un pays d\u2019Afrique de l\u2019Ouest o\u00f9 l\u2019hospitalit\u00e9 prend tout son sens. D\u2019ailleurs, le pays est surnomm\u00e9&nbsp;\u00ab\u2009le pays de la Terranga\u2009\u00bb&nbsp;(hospitalit\u00e9 en wolof)&nbsp;: le sourire, l\u2019humain, l\u2019accueil, nul doute que tout cela ne vous laissera pas&hellip;&nbsp;<a href=\"https:\/\/senegalsuntravel.sn\/index.php\/le-senegal-une-destination-touristique-ou-lhospitalite-prend-tout-son-sens\/\" class=\"\" rel=\"bookmark\">Read More &raquo;<span class=\"screen-reader-text\">Le S\u00e9n\u00e9gal : une destination touristique o\u00f9 l\u2019hospitalit\u00e9 prend tout son sens<\/span><\/a><\/p>\n","protected":false},"author":1,"featured_media":0,"parent":0,"menu_order":0,"comment_status":"closed","ping_status":"closed","template":"","meta":{"neve_meta_sidebar":"full-width","neve_meta_container":"","neve_meta_enable_content_width":"on","neve_meta_content_width":100,"neve_meta_title_alignment":"","neve_meta_author_avatar":"","neve_post_elements_order":"","neve_meta_disable_header":"","neve_meta_disable_footer":"","neve_meta_disable_title":""},"_links":{"self":[{"href":"https:\/\/senegalsuntravel.sn\/index.php\/wp-json\/wp\/v2\/pages\/612"}],"collection":[{"href":"https:\/\/senegalsuntravel.sn\/index.php\/wp-json\/wp\/v2\/pages"}],"about":[{"href":"https:\/\/senegalsuntravel.sn\/index.php\/wp-json\/wp\/v2\/types\/page"}],"author":[{"embeddable":true,"href":"https:\/\/senegalsuntravel.sn\/index.php\/wp-json\/wp\/v2\/users\/1"}],"replies":[{"embeddable":true,"href":"https:\/\/senegalsuntravel.sn\/index.php\/wp-json\/wp\/v2\/comments?post=612"}],"version-history":[{"count":7,"href":"https:\/\/senegalsuntravel.sn\/index.php\/wp-json\/wp\/v2\/pages\/612\/revisions"}],"predecessor-version":[{"id":629,"href":"https:\/\/senegalsuntravel.sn\/index.php\/wp-json\/wp\/v2\/pages\/612\/revisions\/629"}],"wp:attachment":[{"href":"https:\/\/senegalsuntravel.sn\/index.php\/wp-json\/wp\/v2\/media?parent=612"}],"curies":[{"name":"wp","href":"https:\/\/api.w.org\/{rel}","templated":true}]}}