{"id":56,"date":"2021-07-22T22:43:56","date_gmt":"2021-07-22T20:43:56","guid":{"rendered":"http:\/\/senegalsuntravel.sn\/?page_id=56"},"modified":"2021-09-05T22:57:25","modified_gmt":"2021-09-05T20:57:25","slug":"reservation","status":"publish","type":"page","link":"https:\/\/senegalsuntravel.sn\/index.php\/reservation\/","title":{"rendered":"R\u00e9servation"},"content":{"rendered":"\n<p><strong>Remplissez les formulaires de r\u00e9servation pour profiter de nos services<\/strong> <\/p>\n\n\n\n<div class=\"wp-block-columns\">\n<div class=\"wp-block-column\">\n<h2>Billet d&#8217;avion<\/h2>\n<\/div>\n\n\n\n<div class=\"wp-block-column\">\n<h2>H\u00f4tel<\/h2>\n<\/div>\n\n\n\n<div class=\"wp-block-column\">\n<h2>V\u00e9hicule<\/h2>\n<\/div>\n<\/div>\n\n\n\n<div class=\"wp-block-columns\">\n<div class=\"wp-block-column\">\n<figure class=\"wp-block-image size-large\"><img loading=\"lazy\" width=\"1024\" height=\"576\" src=\"http:\/\/senegalsuntravel.sn\/wp-content\/uploads\/2021\/08\/Image-Air-Senegal-2-1024x576.jpg\" alt=\"\" class=\"wp-image-192\" srcset=\"https:\/\/senegalsuntravel.sn\/wp-content\/uploads\/2021\/08\/Image-Air-Senegal-2-1024x576.jpg 1024w, https:\/\/senegalsuntravel.sn\/wp-content\/uploads\/2021\/08\/Image-Air-Senegal-2-300x169.jpg 300w, https:\/\/senegalsuntravel.sn\/wp-content\/uploads\/2021\/08\/Image-Air-Senegal-2-768x432.jpg 768w, https:\/\/senegalsuntravel.sn\/wp-content\/uploads\/2021\/08\/Image-Air-Senegal-2.jpg 1280w\" sizes=\"(max-width: 1024px) 100vw, 1024px\" \/><\/figure>\n<\/div>\n\n\n\n<div class=\"wp-block-column\">\n<figure class=\"wp-block-image size-large is-resized\"><img loading=\"lazy\" src=\"http:\/\/senegalsuntravel.sn\/wp-content\/uploads\/2021\/07\/main3.jpg\" alt=\"\" class=\"wp-image-102\" width=\"326\" height=\"204\" srcset=\"https:\/\/senegalsuntravel.sn\/wp-content\/uploads\/2021\/07\/main3.jpg 800w, https:\/\/senegalsuntravel.sn\/wp-content\/uploads\/2021\/07\/main3-300x188.jpg 300w, https:\/\/senegalsuntravel.sn\/wp-content\/uploads\/2021\/07\/main3-768x481.jpg 768w\" sizes=\"(max-width: 326px) 100vw, 326px\" \/><\/figure>\n<\/div>\n\n\n\n<div class=\"wp-block-column\">\n<figure class=\"wp-block-image size-large is-resized\"><img loading=\"lazy\" src=\"http:\/\/senegalsuntravel.sn\/wp-content\/uploads\/2021\/08\/Image-Vehicule-4x4-1.jpg\" alt=\"\" class=\"wp-image-452\" width=\"422\" height=\"211\" srcset=\"https:\/\/senegalsuntravel.sn\/wp-content\/uploads\/2021\/08\/Image-Vehicule-4x4-1.jpg 318w, https:\/\/senegalsuntravel.sn\/wp-content\/uploads\/2021\/08\/Image-Vehicule-4x4-1-300x150.jpg 300w\" sizes=\"(max-width: 422px) 100vw, 422px\" \/><\/figure>\n<\/div>\n<\/div>\n\n\n\n<p><\/p>\n","protected":false},"excerpt":{"rendered":"<p>Remplissez les formulaires de r\u00e9servation pour profiter de nos services Billet d&#8217;avion H\u00f4tel V\u00e9hicule<\/p>\n","protected":false},"author":1,"featured_media":0,"parent":0,"menu_order":0,"comment_status":"closed","ping_status":"closed","template":"","meta":{"neve_meta_sidebar":"full-width","neve_meta_container":"","neve_meta_enable_content_width":"on","neve_meta_content_width":100,"neve_meta_title_alignment":"","neve_meta_author_avatar":"","neve_post_elements_order":"","neve_meta_disable_header":"","neve_meta_disable_footer":"","neve_meta_disable_title":""},"_links":{"self":[{"href":"https:\/\/senegalsuntravel.sn\/index.php\/wp-json\/wp\/v2\/pages\/56"}],"collection":[{"href":"https:\/\/senegalsuntravel.sn\/index.php\/wp-json\/wp\/v2\/pages"}],"about":[{"href":"https:\/\/senegalsuntravel.sn\/index.php\/wp-json\/wp\/v2\/types\/page"}],"author":[{"embeddable":true,"href":"https:\/\/senegalsuntravel.sn\/index.php\/wp-json\/wp\/v2\/users\/1"}],"replies":[{"embeddable":true,"href":"https:\/\/senegalsuntravel.sn\/index.php\/wp-json\/wp\/v2\/comments?post=56"}],"version-history":[{"count":13,"href":"https:\/\/senegalsuntravel.sn\/index.php\/wp-json\/wp\/v2\/pages\/56\/revisions"}],"predecessor-version":[{"id":685,"href":"https:\/\/senegalsuntravel.sn\/index.php\/wp-json\/wp\/v2\/pages\/56\/revisions\/685"}],"wp:attachment":[{"href":"https:\/\/senegalsuntravel.sn\/index.php\/wp-json\/wp\/v2\/media?parent=56"}],"curies":[{"name":"wp","href":"https:\/\/api.w.org\/{rel}","templated":true}]}}