{"id":540,"date":"2021-09-02T16:22:44","date_gmt":"2021-09-02T14:22:44","guid":{"rendered":"http:\/\/senegalsuntravel.sn\/?page_id=540"},"modified":"2021-09-02T18:01:15","modified_gmt":"2021-09-02T16:01:15","slug":"via-e-money","status":"publish","type":"page","link":"https:\/\/senegalsuntravel.sn\/index.php\/via-e-money\/","title":{"rendered":"Via E-Money"},"content":{"rendered":"\n<div class=\"wp-block-group\"><div class=\"wp-block-group__inner-container\">\n<h2 class=\"has-text-color\" style=\"font-size:38px;color:#ba0c49\"><span style=\"color:#c390b7\" class=\"has-inline-color\">R\u00e9glez vos factures avec E-Money simplement et en toute s\u00e9curit\u00e9<\/span><\/h2>\n\n\n\n<p><strong>Apr\u00e8s une souscription \u00e0 E-money ou un t\u00e9l\u00e9chargement <strong>de l\u2019application<\/strong> sur play store ou apple store, vous cr\u00e9ez et rechargez votre compte par carte bancaire ou dans les boutiques Expresso.<\/strong><\/p>\n\n\n\n<div class=\"wp-block-columns\">\n<div class=\"wp-block-column\">\n<p style=\"font-size:18px\"><strong><span style=\"text-decoration: underline;\">Notre code marchand<\/span>\u00a0:\u00a0<\/strong>489554<\/p>\n\n\n\n<p>#444#4*code marchand*montant \u00e0 payer*code PIN#<\/p>\n<\/div>\n\n\n\n<div class=\"wp-block-column\">\n<p style=\"font-size:18px\"><strong><span style=\"text-decoration: underline;\">Notre code QR\u00a0:<\/span>\u00a0<\/strong>scannez et pr\u00e9cisez le montant<\/p>\n<\/div>\n<\/div>\n\n\n\n<div class=\"wp-block-columns\">\n<div class=\"wp-block-column\">\n<figure class=\"wp-block-image size-large\"><img loading=\"lazy\" width=\"1024\" height=\"723\" src=\"https:\/\/senegalsuntravel.sn\/wp-content\/uploads\/2021\/09\/Logo-E-Money-1024x723.jpg\" alt=\"\" class=\"wp-image-561\" srcset=\"https:\/\/senegalsuntravel.sn\/wp-content\/uploads\/2021\/09\/Logo-E-Money-1024x723.jpg 1024w, https:\/\/senegalsuntravel.sn\/wp-content\/uploads\/2021\/09\/Logo-E-Money-300x212.jpg 300w, https:\/\/senegalsuntravel.sn\/wp-content\/uploads\/2021\/09\/Logo-E-Money-768x543.jpg 768w, https:\/\/senegalsuntravel.sn\/wp-content\/uploads\/2021\/09\/Logo-E-Money.jpg 1080w\" sizes=\"(max-width: 1024px) 100vw, 1024px\" \/><\/figure>\n<\/div>\n\n\n\n<div class=\"wp-block-column\">\n<figure class=\"wp-block-image size-large is-resized\"><img loading=\"lazy\" src=\"https:\/\/senegalsuntravel.sn\/wp-content\/uploads\/2021\/09\/Code-QR.png\" alt=\"\" class=\"wp-image-564\" width=\"399\" height=\"397\" srcset=\"https:\/\/senegalsuntravel.sn\/wp-content\/uploads\/2021\/09\/Code-QR.png 225w, https:\/\/senegalsuntravel.sn\/wp-content\/uploads\/2021\/09\/Code-QR-150x150.png 150w\" sizes=\"(max-width: 399px) 100vw, 399px\" \/><\/figure>\n<\/div>\n<\/div>\n<\/div><\/div>\n\n\n\n<ul><li>Confirmez votre paiement en saisissant votre code PIN<\/li><li>Vous recevez un sms qui confirme la validation du paiement en m\u00eame temps que nous<\/li><\/ul>\n","protected":false},"excerpt":{"rendered":"<p>Confirmez votre paiement en saisissant votre code PIN Vous recevez un sms qui confirme la validation du paiement en m\u00eame temps que nous<\/p>\n","protected":false},"author":1,"featured_media":0,"parent":0,"menu_order":0,"comment_status":"closed","ping_status":"closed","template":"","meta":{"neve_meta_sidebar":"full-width","neve_meta_container":"","neve_meta_enable_content_width":"on","neve_meta_content_width":100,"neve_meta_title_alignment":"","neve_meta_author_avatar":"","neve_post_elements_order":"","neve_meta_disable_header":"","neve_meta_disable_footer":"","neve_meta_disable_title":""},"_links":{"self":[{"href":"https:\/\/senegalsuntravel.sn\/index.php\/wp-json\/wp\/v2\/pages\/540"}],"collection":[{"href":"https:\/\/senegalsuntravel.sn\/index.php\/wp-json\/wp\/v2\/pages"}],"about":[{"href":"https:\/\/senegalsuntravel.sn\/index.php\/wp-json\/wp\/v2\/types\/page"}],"author":[{"embeddable":true,"href":"https:\/\/senegalsuntravel.sn\/index.php\/wp-json\/wp\/v2\/users\/1"}],"replies":[{"embeddable":true,"href":"https:\/\/senegalsuntravel.sn\/index.php\/wp-json\/wp\/v2\/comments?post=540"}],"version-history":[{"count":5,"href":"https:\/\/senegalsuntravel.sn\/index.php\/wp-json\/wp\/v2\/pages\/540\/revisions"}],"predecessor-version":[{"id":571,"href":"https:\/\/senegalsuntravel.sn\/index.php\/wp-json\/wp\/v2\/pages\/540\/revisions\/571"}],"wp:attachment":[{"href":"https:\/\/senegalsuntravel.sn\/index.php\/wp-json\/wp\/v2\/media?parent=540"}],"curies":[{"name":"wp","href":"https:\/\/api.w.org\/{rel}","templated":true}]}}