{"id":536,"date":"2021-09-02T15:55:30","date_gmt":"2021-09-02T13:55:30","guid":{"rendered":"http:\/\/senegalsuntravel.sn\/?page_id=536"},"modified":"2021-09-02T18:11:47","modified_gmt":"2021-09-02T16:11:47","slug":"via-free-money","status":"publish","type":"page","link":"https:\/\/senegalsuntravel.sn\/index.php\/via-free-money\/","title":{"rendered":"Via Free Money"},"content":{"rendered":"\n<div class=\"wp-block-group\"><div class=\"wp-block-group__inner-container\">\n<h2 class=\"has-text-color\" style=\"font-size:38px;color:#ba0c49\"><span style=\"color:#bb0b0b\" class=\"has-inline-color\">Payez nos services avec Free Money: simple, rapide et fiable<\/span><\/h2>\n\n\n\n<p><strong>Apr\u00e8s une souscription \u00e0 free money ou un t\u00e9l\u00e9chargement <strong>de l\u2019application<\/strong> sur play store ou apple store, vous cr\u00e9ez et rechargez votre compte par carte bancaire ou dans les boutiques free.<\/strong><\/p>\n\n\n\n<div class=\"wp-block-columns\">\n<div class=\"wp-block-column\">\n<p style=\"font-size:18px\"><strong><span style=\"text-decoration: underline;\">Notre code marchand&nbsp;:<\/span>&nbsp;<\/strong>503328<\/p>\n\n\n\n<p>#150#3*code marchand*montant \u00e0 payer*code PIN#<\/p>\n<\/div>\n\n\n\n<div class=\"wp-block-column\">\n<p style=\"font-size:18px\"><strong><span style=\"text-decoration: underline;\">Notre code QR&nbsp;:<\/span>&nbsp;<\/strong>scannez et pr\u00e9cisez le montant<\/p>\n<\/div>\n<\/div>\n\n\n\n<div class=\"wp-block-columns\">\n<div class=\"wp-block-column\">\n<figure class=\"wp-block-image size-large\"><img loading=\"lazy\" width=\"1024\" height=\"674\" src=\"http:\/\/senegalsuntravel.sn\/wp-content\/uploads\/2021\/09\/Logo-free-Money-1024x674.jpg\" alt=\"\" class=\"wp-image-543\" srcset=\"https:\/\/senegalsuntravel.sn\/wp-content\/uploads\/2021\/09\/Logo-free-Money-1024x674.jpg 1024w, https:\/\/senegalsuntravel.sn\/wp-content\/uploads\/2021\/09\/Logo-free-Money-300x197.jpg 300w, https:\/\/senegalsuntravel.sn\/wp-content\/uploads\/2021\/09\/Logo-free-Money-768x506.jpg 768w, https:\/\/senegalsuntravel.sn\/wp-content\/uploads\/2021\/09\/Logo-free-Money.jpg 1422w\" sizes=\"(max-width: 1024px) 100vw, 1024px\" \/><\/figure>\n<\/div>\n\n\n\n<div class=\"wp-block-column\">\n<figure class=\"wp-block-image size-large is-resized\"><img loading=\"lazy\" src=\"http:\/\/senegalsuntravel.sn\/wp-content\/uploads\/2021\/08\/Code-QR.png\" alt=\"\" class=\"wp-image-385\" width=\"324\" height=\"323\" srcset=\"https:\/\/senegalsuntravel.sn\/wp-content\/uploads\/2021\/08\/Code-QR.png 225w, https:\/\/senegalsuntravel.sn\/wp-content\/uploads\/2021\/08\/Code-QR-150x150.png 150w\" sizes=\"(max-width: 324px) 100vw, 324px\" \/><\/figure>\n<\/div>\n<\/div>\n<\/div><\/div>\n\n\n\n<ul><li>Confirmez votre paiement en saisissant votre code PIN<\/li><li>Vous recevez un sms qui confirme la validation du paiement en m\u00eame temps que nous<\/li><\/ul>\n","protected":false},"excerpt":{"rendered":"<p>Confirmez votre paiement en saisissant votre code PIN Vous recevez un sms qui confirme la validation du paiement en m\u00eame temps que nous<\/p>\n","protected":false},"author":1,"featured_media":0,"parent":0,"menu_order":0,"comment_status":"closed","ping_status":"closed","template":"","meta":{"neve_meta_sidebar":"full-width","neve_meta_container":"","neve_meta_enable_content_width":"on","neve_meta_content_width":100,"neve_meta_title_alignment":"","neve_meta_author_avatar":"","neve_post_elements_order":"","neve_meta_disable_header":"","neve_meta_disable_footer":"","neve_meta_disable_title":""},"_links":{"self":[{"href":"https:\/\/senegalsuntravel.sn\/index.php\/wp-json\/wp\/v2\/pages\/536"}],"collection":[{"href":"https:\/\/senegalsuntravel.sn\/index.php\/wp-json\/wp\/v2\/pages"}],"about":[{"href":"https:\/\/senegalsuntravel.sn\/index.php\/wp-json\/wp\/v2\/types\/page"}],"author":[{"embeddable":true,"href":"https:\/\/senegalsuntravel.sn\/index.php\/wp-json\/wp\/v2\/users\/1"}],"replies":[{"embeddable":true,"href":"https:\/\/senegalsuntravel.sn\/index.php\/wp-json\/wp\/v2\/comments?post=536"}],"version-history":[{"count":9,"href":"https:\/\/senegalsuntravel.sn\/index.php\/wp-json\/wp\/v2\/pages\/536\/revisions"}],"predecessor-version":[{"id":568,"href":"https:\/\/senegalsuntravel.sn\/index.php\/wp-json\/wp\/v2\/pages\/536\/revisions\/568"}],"wp:attachment":[{"href":"https:\/\/senegalsuntravel.sn\/index.php\/wp-json\/wp\/v2\/media?parent=536"}],"curies":[{"name":"wp","href":"https:\/\/api.w.org\/{rel}","templated":true}]}}