{"id":48,"date":"2021-07-22T22:36:53","date_gmt":"2021-07-22T20:36:53","guid":{"rendered":"http:\/\/senegalsuntravel.sn\/?page_id=48"},"modified":"2021-09-03T18:48:09","modified_gmt":"2021-09-03T16:48:09","slug":"presentation","status":"publish","type":"page","link":"https:\/\/senegalsuntravel.sn\/index.php\/presentation\/","title":{"rendered":"Pr\u00e9sentation"},"content":{"rendered":"\n<div class=\"wp-block-media-text alignwide is-stacked-on-mobile\"><figure class=\"wp-block-media-text__media\"><img loading=\"lazy\" width=\"1024\" height=\"681\" src=\"http:\/\/senegalsuntravel.sn\/wp-content\/uploads\/2021\/08\/cbg-1024x681.jpg\" alt=\"\" class=\"wp-image-127\" srcset=\"https:\/\/senegalsuntravel.sn\/wp-content\/uploads\/2021\/08\/cbg-1024x681.jpg 1024w, https:\/\/senegalsuntravel.sn\/wp-content\/uploads\/2021\/08\/cbg-300x200.jpg 300w, https:\/\/senegalsuntravel.sn\/wp-content\/uploads\/2021\/08\/cbg-768x511.jpg 768w, https:\/\/senegalsuntravel.sn\/wp-content\/uploads\/2021\/08\/cbg-1536x1022.jpg 1536w, https:\/\/senegalsuntravel.sn\/wp-content\/uploads\/2021\/08\/cbg.jpg 1700w\" sizes=\"(max-width: 1024px) 100vw, 1024px\" \/><\/figure><div class=\"wp-block-media-text__content\">\n<p>Salimatours S\u00e9n\u00e9gal sun travel est une agence de voyage et de tourisme situ\u00e9e au c\u0153ur de Dakar, la capitale S\u00e9n\u00e9galaise, sp\u00e9cialis\u00e9e dans l\u2019assistance et l&#8217;organisation de voyages, la r\u00e9servation et la vente de billets d\u2019avions, l\u2019h\u00e9bergement et la r\u00e9servation d\u2019h\u00f4tel, les croisi\u00e8res, escapades, circuits et transports touristiques,<\/p>\n\n\n\n<p>Nos services s&#8217;\u00e9tendent aussi bien \u00e0 l&#8217;int\u00e9rieur du pays qu\u2019\u00e0 l\u2019international et dans la sous r\u00e9gions<\/p>\n\n\n\n<p>Chez nous le client est roi et notre principal objectif est sa satisfaction totale. Contactez-nous en toute confiance. Nous mettons \u00e0 votre disposition une \u00e9quipe d\u2019experts qualifi\u00e9s et professionnels parlant plusieurs langues, pour une exp\u00e9rience inoubliable.<\/p>\n<\/div><\/div>\n","protected":false},"excerpt":{"rendered":"<p>Salimatours S\u00e9n\u00e9gal sun travel est une agence de voyage et de tourisme situ\u00e9e au c\u0153ur de Dakar, la capitale S\u00e9n\u00e9galaise, sp\u00e9cialis\u00e9e dans l\u2019assistance et l&#8217;organisation de voyages, la r\u00e9servation et la vente de billets d\u2019avions, l\u2019h\u00e9bergement et la r\u00e9servation d\u2019h\u00f4tel, les croisi\u00e8res, escapades, circuits et transports touristiques, Nos services s&#8217;\u00e9tendent aussi bien \u00e0 l&#8217;int\u00e9rieur du&hellip;&nbsp;<a href=\"https:\/\/senegalsuntravel.sn\/index.php\/presentation\/\" class=\"\" rel=\"bookmark\">Read More &raquo;<span class=\"screen-reader-text\">Pr\u00e9sentation<\/span><\/a><\/p>\n","protected":false},"author":1,"featured_media":0,"parent":0,"menu_order":0,"comment_status":"closed","ping_status":"closed","template":"","meta":{"neve_meta_sidebar":"full-width","neve_meta_container":"","neve_meta_enable_content_width":"on","neve_meta_content_width":100,"neve_meta_title_alignment":"","neve_meta_author_avatar":"","neve_post_elements_order":"","neve_meta_disable_header":"","neve_meta_disable_footer":"","neve_meta_disable_title":""},"_links":{"self":[{"href":"https:\/\/senegalsuntravel.sn\/index.php\/wp-json\/wp\/v2\/pages\/48"}],"collection":[{"href":"https:\/\/senegalsuntravel.sn\/index.php\/wp-json\/wp\/v2\/pages"}],"about":[{"href":"https:\/\/senegalsuntravel.sn\/index.php\/wp-json\/wp\/v2\/types\/page"}],"author":[{"embeddable":true,"href":"https:\/\/senegalsuntravel.sn\/index.php\/wp-json\/wp\/v2\/users\/1"}],"replies":[{"embeddable":true,"href":"https:\/\/senegalsuntravel.sn\/index.php\/wp-json\/wp\/v2\/comments?post=48"}],"version-history":[{"count":4,"href":"https:\/\/senegalsuntravel.sn\/index.php\/wp-json\/wp\/v2\/pages\/48\/revisions"}],"predecessor-version":[{"id":596,"href":"https:\/\/senegalsuntravel.sn\/index.php\/wp-json\/wp\/v2\/pages\/48\/revisions\/596"}],"wp:attachment":[{"href":"https:\/\/senegalsuntravel.sn\/index.php\/wp-json\/wp\/v2\/media?parent=48"}],"curies":[{"name":"wp","href":"https:\/\/api.w.org\/{rel}","templated":true}]}}