{"id":441,"date":"2021-08-14T15:56:30","date_gmt":"2021-08-14T13:56:30","guid":{"rendered":"http:\/\/senegalsuntravel.sn\/?page_id=441"},"modified":"2021-08-15T20:23:41","modified_gmt":"2021-08-15T18:23:41","slug":"billet","status":"publish","type":"page","link":"https:\/\/senegalsuntravel.sn\/index.php\/billet\/","title":{"rendered":"R\u00e9servation de billet d&#8217;avion"},"content":{"rendered":"\n<div class=\"wp-block-media-text alignwide is-stacked-on-mobile\"><figure class=\"wp-block-media-text__media\"><img loading=\"lazy\" width=\"1024\" height=\"576\" src=\"http:\/\/senegalsuntravel.sn\/wp-content\/uploads\/2021\/08\/Image-Air-Senegal-1-1024x576.jpg\" alt=\"Air S\u00e9n\u00e9gal\" class=\"wp-image-140\" srcset=\"https:\/\/senegalsuntravel.sn\/wp-content\/uploads\/2021\/08\/Image-Air-Senegal-1-1024x576.jpg 1024w, https:\/\/senegalsuntravel.sn\/wp-content\/uploads\/2021\/08\/Image-Air-Senegal-1-300x169.jpg 300w, https:\/\/senegalsuntravel.sn\/wp-content\/uploads\/2021\/08\/Image-Air-Senegal-1-768x432.jpg 768w, https:\/\/senegalsuntravel.sn\/wp-content\/uploads\/2021\/08\/Image-Air-Senegal-1.jpg 1280w\" sizes=\"(max-width: 1024px) 100vw, 1024px\" \/><\/figure><div class=\"wp-block-media-text__content\">\n<p>Trouver un billet d\u2019avion adapt\u00e9 \u00e0 vos besoins n\u2019est pas toujours une t\u00e2che facile. Notre agence de Voyage vous assure l\u2019achat d\u2019un billet d\u2019avion \u00e0 un prix tr\u00e8s comp\u00e9titif, d\u00e9fiant toute concurrence. Notre syst\u00e8me de r\u00e9servation de billet est \u00e0 la pointe des progr\u00e8s technologiques. Nous sommes en mesure de r\u00e9server votre billet d\u2019avion, pour n\u2019importe quelle destination, au meilleur prix et \u00e0 la date qui vous convient le mieux.<\/p>\n\n\n\n<p><strong>Remplissez ce formulaire pour profiter de nos services<\/strong><\/p>\n<\/div><\/div>\n\n\n\n<div class=\"wp-block-contact-form-7-contact-form-selector\"><div role=\"form\" class=\"wpcf7\" id=\"wpcf7-f431-o1\" lang=\"fr-FR\" dir=\"ltr\">\n<div class=\"screen-reader-response\"><p role=\"status\" aria-live=\"polite\" aria-atomic=\"true\"><\/p> <ul><\/ul><\/div>\n<form action=\"\/index.php\/wp-json\/wp\/v2\/pages\/441#wpcf7-f431-o1\" method=\"post\" class=\"wpcf7-form init\" novalidate=\"novalidate\" data-status=\"init\">\n<div style=\"display: none;\">\n<input type=\"hidden\" name=\"_wpcf7\" value=\"431\" \/>\n<input type=\"hidden\" name=\"_wpcf7_version\" value=\"5.4.2\" \/>\n<input type=\"hidden\" name=\"_wpcf7_locale\" value=\"fr_FR\" \/>\n<input type=\"hidden\" name=\"_wpcf7_unit_tag\" value=\"wpcf7-f431-o1\" \/>\n<input type=\"hidden\" name=\"_wpcf7_container_post\" value=\"0\" \/>\n<input type=\"hidden\" name=\"_wpcf7_posted_data_hash\" value=\"\" \/>\n<\/div>\n<p><label> Nom Complet*:<br \/>\n    <span class=\"wpcf7-form-control-wrap your-name\"><input type=\"text\" name=\"your-name\" value=\"\" size=\"40\" class=\"wpcf7-form-control wpcf7-text wpcf7-validates-as-required\" aria-required=\"true\" aria-invalid=\"false\" \/><\/span> <\/label><\/p>\n<p><label> E-mail*:<br \/>\n    <span class=\"wpcf7-form-control-wrap your-email\"><input type=\"email\" name=\"your-email\" value=\"\" size=\"40\" class=\"wpcf7-form-control wpcf7-text wpcf7-email wpcf7-validates-as-required wpcf7-validates-as-email\" aria-required=\"true\" aria-invalid=\"false\" \/><\/span> <\/label><\/p>\n<p><label>T\u00e9l:<br \/>\n<span class=\"wpcf7-form-control-wrap tel-134\"><input type=\"tel\" name=\"tel-134\" value=\"\" size=\"40\" class=\"wpcf7-form-control wpcf7-text wpcf7-tel wpcf7-validates-as-tel\" aria-invalid=\"false\" placeholder=\"Pr\u00e9ciser l&#039;indicatif du pays\" \/><\/span><\/label><\/p>\n<p><label> N\u00b0 Passeport*:<br \/>\n<span class=\"wpcf7-form-control-wrap text-197\"><input type=\"text\" name=\"text-197\" value=\"\" size=\"40\" class=\"wpcf7-form-control wpcf7-text wpcf7-validates-as-required\" aria-required=\"true\" aria-invalid=\"false\" \/><\/span> <\/label><\/p>\n<p><label>Date de l'aller*:<br \/>\n<span class=\"wpcf7-form-control-wrap date-263\"><input type=\"date\" name=\"date-263\" value=\"\" class=\"wpcf7-form-control wpcf7-date wpcf7-validates-as-required wpcf7-validates-as-date\" aria-required=\"true\" aria-invalid=\"false\" \/><\/span> <\/label> <label>Date du retour*:<br \/>\n<span class=\"wpcf7-form-control-wrap date-263\"><input type=\"date\" name=\"date-263\" value=\"\" class=\"wpcf7-form-control wpcf7-date wpcf7-validates-as-required wpcf7-validates-as-date\" aria-required=\"true\" aria-invalid=\"false\" \/><\/span> <\/label><\/p>\n<p><label> Pays de d\u00e9part*:<br \/>\n<span class=\"wpcf7-form-control-wrap text-197\"><input type=\"text\" name=\"text-197\" value=\"\" size=\"40\" class=\"wpcf7-form-control wpcf7-text wpcf7-validates-as-required\" aria-required=\"true\" aria-invalid=\"false\" \/><\/span> <\/label> <label> Ville de d\u00e9part*:<br \/>\n<span class=\"wpcf7-form-control-wrap text-197\"><input type=\"text\" name=\"text-197\" value=\"\" size=\"40\" class=\"wpcf7-form-control wpcf7-text wpcf7-validates-as-required\" aria-required=\"true\" aria-invalid=\"false\" \/><\/span> <\/label><\/p>\n<p><label> Pays de destination*:<br \/>\n<span class=\"wpcf7-form-control-wrap text-197\"><input type=\"text\" name=\"text-197\" value=\"\" size=\"40\" class=\"wpcf7-form-control wpcf7-text wpcf7-validates-as-required\" aria-required=\"true\" aria-invalid=\"false\" \/><\/span> <\/label> <label> Ville de destination*:<br \/>\n<span class=\"wpcf7-form-control-wrap text-197\"><input type=\"text\" name=\"text-197\" value=\"\" size=\"40\" class=\"wpcf7-form-control wpcf7-text wpcf7-validates-as-required\" aria-required=\"true\" aria-invalid=\"false\" \/><\/span> <\/label><\/p>\n<p><label> Message:<br \/>\n    <span class=\"wpcf7-form-control-wrap your-message\"><textarea name=\"your-message\" cols=\"40\" rows=\"10\" class=\"wpcf7-form-control wpcf7-textarea\" aria-invalid=\"false\"><\/textarea><\/span> <\/label><\/p>\n<p><span class=\"wpcf7-form-control-wrap acceptance-896\"><span class=\"wpcf7-form-control wpcf7-acceptance optional\"><span class=\"wpcf7-list-item\"><label><input type=\"checkbox\" name=\"acceptance-896\" value=\"1\" aria-invalid=\"false\" \/><span class=\"wpcf7-list-item-label\">J\u2019accepte que mes donn\u00e9es personnelles soient trait\u00e9es<\/span><\/label><\/span><\/span><\/span><\/p>\n<p><input type=\"submit\" value=\"Envoyer\" class=\"wpcf7-form-control wpcf7-submit\" \/><\/p>\n<div class=\"wpcf7-response-output\" aria-hidden=\"true\"><\/div><\/form><\/div><\/div>\n\n\n\n<p><\/p>\n","protected":false},"excerpt":{"rendered":"<p>Trouver un billet d\u2019avion adapt\u00e9 \u00e0 vos besoins n\u2019est pas toujours une t\u00e2che facile. Notre agence de Voyage vous assure l\u2019achat d\u2019un billet d\u2019avion \u00e0 un prix tr\u00e8s comp\u00e9titif, d\u00e9fiant toute concurrence. Notre syst\u00e8me de r\u00e9servation de billet est \u00e0 la pointe des progr\u00e8s technologiques. Nous sommes en mesure de r\u00e9server votre billet d\u2019avion, pour&hellip;&nbsp;<a href=\"https:\/\/senegalsuntravel.sn\/index.php\/billet\/\" class=\"\" rel=\"bookmark\">Read More &raquo;<span class=\"screen-reader-text\">R\u00e9servation de billet d&#8217;avion<\/span><\/a><\/p>\n","protected":false},"author":1,"featured_media":0,"parent":0,"menu_order":0,"comment_status":"closed","ping_status":"closed","template":"","meta":{"neve_meta_sidebar":"full-width","neve_meta_container":"","neve_meta_enable_content_width":"on","neve_meta_content_width":100,"neve_meta_title_alignment":"","neve_meta_author_avatar":"","neve_post_elements_order":"","neve_meta_disable_header":"","neve_meta_disable_footer":"","neve_meta_disable_title":""},"_links":{"self":[{"href":"https:\/\/senegalsuntravel.sn\/index.php\/wp-json\/wp\/v2\/pages\/441"}],"collection":[{"href":"https:\/\/senegalsuntravel.sn\/index.php\/wp-json\/wp\/v2\/pages"}],"about":[{"href":"https:\/\/senegalsuntravel.sn\/index.php\/wp-json\/wp\/v2\/types\/page"}],"author":[{"embeddable":true,"href":"https:\/\/senegalsuntravel.sn\/index.php\/wp-json\/wp\/v2\/users\/1"}],"replies":[{"embeddable":true,"href":"https:\/\/senegalsuntravel.sn\/index.php\/wp-json\/wp\/v2\/comments?post=441"}],"version-history":[{"count":6,"href":"https:\/\/senegalsuntravel.sn\/index.php\/wp-json\/wp\/v2\/pages\/441\/revisions"}],"predecessor-version":[{"id":463,"href":"https:\/\/senegalsuntravel.sn\/index.php\/wp-json\/wp\/v2\/pages\/441\/revisions\/463"}],"wp:attachment":[{"href":"https:\/\/senegalsuntravel.sn\/index.php\/wp-json\/wp\/v2\/media?parent=441"}],"curies":[{"name":"wp","href":"https:\/\/api.w.org\/{rel}","templated":true}]}}