{"id":414,"date":"2021-08-13T20:00:20","date_gmt":"2021-08-13T18:00:20","guid":{"rendered":"http:\/\/senegalsuntravel.sn\/?page_id=414"},"modified":"2021-08-15T20:25:30","modified_gmt":"2021-08-15T18:25:30","slug":"vehicule","status":"publish","type":"page","link":"https:\/\/senegalsuntravel.sn\/index.php\/vehicule\/","title":{"rendered":"R\u00e9servation de v\u00e9hicule"},"content":{"rendered":"\n<div class=\"wp-block-media-text alignwide is-stacked-on-mobile\"><figure class=\"wp-block-media-text__media\"><img loading=\"lazy\" width=\"318\" height=\"159\" src=\"http:\/\/senegalsuntravel.sn\/wp-content\/uploads\/2021\/08\/Image-Vehicule-4x4-1.jpg\" alt=\"\" class=\"wp-image-452\" srcset=\"https:\/\/senegalsuntravel.sn\/wp-content\/uploads\/2021\/08\/Image-Vehicule-4x4-1.jpg 318w, https:\/\/senegalsuntravel.sn\/wp-content\/uploads\/2021\/08\/Image-Vehicule-4x4-1-300x150.jpg 300w\" sizes=\"(max-width: 318px) 100vw, 318px\" \/><\/figure><div class=\"wp-block-media-text__content\">\n<p>Nous vous proposons un parc automobile tr\u00e8s diversifi\u00e9 avec des &nbsp;v\u00e9hicules tous climatis\u00e9s pour vos&nbsp;:<\/p>\n\n\n\n<ul><li>transfert vers ou au d\u00e9part de l&#8217;A\u00e9roport<\/li><li>s\u00e9jours touristiques<\/li><li>voyages d\u2019affaires<\/li><li>excursions<\/li><li>ou toutes autres activit\u00e9s<\/li><\/ul>\n\n\n\n<p><strong>R\u00e9servez d\u00e8s maintenant en remplissant ce formulaire<\/strong><\/p>\n<\/div><\/div>\n\n\n\n<div class=\"wp-block-contact-form-7-contact-form-selector\"><div role=\"form\" class=\"wpcf7\" id=\"wpcf7-f455-o1\" lang=\"fr-FR\" dir=\"ltr\">\n<div class=\"screen-reader-response\"><p role=\"status\" aria-live=\"polite\" aria-atomic=\"true\"><\/p> <ul><\/ul><\/div>\n<form action=\"\/index.php\/wp-json\/wp\/v2\/pages\/414#wpcf7-f455-o1\" method=\"post\" class=\"wpcf7-form init\" novalidate=\"novalidate\" data-status=\"init\">\n<div style=\"display: none;\">\n<input type=\"hidden\" name=\"_wpcf7\" value=\"455\" \/>\n<input type=\"hidden\" name=\"_wpcf7_version\" value=\"5.4.2\" \/>\n<input type=\"hidden\" name=\"_wpcf7_locale\" value=\"fr_FR\" \/>\n<input type=\"hidden\" name=\"_wpcf7_unit_tag\" value=\"wpcf7-f455-o1\" \/>\n<input type=\"hidden\" name=\"_wpcf7_container_post\" value=\"0\" \/>\n<input type=\"hidden\" name=\"_wpcf7_posted_data_hash\" value=\"\" \/>\n<\/div>\n<p><label> Nom complet*:<br \/>\n    <span class=\"wpcf7-form-control-wrap your-name\"><input type=\"text\" name=\"your-name\" value=\"\" size=\"40\" class=\"wpcf7-form-control wpcf7-text wpcf7-validates-as-required\" aria-required=\"true\" aria-invalid=\"false\" \/><\/span> <\/label><\/p>\n<p><label> E-mail*:<br \/>\n    <span class=\"wpcf7-form-control-wrap your-email\"><input type=\"email\" name=\"your-email\" value=\"\" size=\"40\" class=\"wpcf7-form-control wpcf7-text wpcf7-email wpcf7-validates-as-required wpcf7-validates-as-email\" aria-required=\"true\" aria-invalid=\"false\" \/><\/span> <\/label><\/p>\n<p><label> T\u00e9l:<br \/>\n<span class=\"wpcf7-form-control-wrap tel-248\"><input type=\"tel\" name=\"tel-248\" value=\"\" size=\"40\" class=\"wpcf7-form-control wpcf7-text wpcf7-tel wpcf7-validates-as-tel\" aria-invalid=\"false\" placeholder=\"Pr\u00e9ciser l&#039;indicatif du pays\" \/><\/span> <\/label><\/p>\n<p><label> Adresse:<br \/>\n<span class=\"wpcf7-form-control-wrap text-280\"><input type=\"text\" name=\"text-280\" value=\"\" size=\"40\" class=\"wpcf7-form-control wpcf7-text\" aria-invalid=\"false\" \/><\/span> <\/label><\/p>\n<p><label> E-mail*:<br \/>\n<span class=\"wpcf7-form-control-wrap email-774\"><input type=\"email\" name=\"email-774\" value=\"\" size=\"40\" class=\"wpcf7-form-control wpcf7-text wpcf7-email wpcf7-validates-as-email\" aria-invalid=\"false\" \/><\/span> <\/label><\/p>\n<p><label> Motif de Location*:<br \/>\n<span class=\"wpcf7-form-control-wrap menu-434\"><select name=\"menu-434\" class=\"wpcf7-form-control wpcf7-select wpcf7-validates-as-required\" aria-required=\"true\" aria-invalid=\"false\"><option value=\"transfert a\u00e9roport\">transfert a\u00e9roport<\/option><option value=\"s\u00e9jour touristique\">s\u00e9jour touristique<\/option><option value=\"voyage d\u2019affaire\">voyage d\u2019affaire<\/option><option value=\"excursion\">excursion<\/option><option value=\"autre (\u00e0 pr\u00e9ciser)\">autre (\u00e0 pr\u00e9ciser)<\/option><\/select><\/span><\/label><\/p>\n<p><label> Type de v\u00e9hicule*:<br \/>\n<span class=\"wpcf7-form-control-wrap menu-434\"><select name=\"menu-434\" class=\"wpcf7-form-control wpcf7-select wpcf7-validates-as-required\" aria-required=\"true\" aria-invalid=\"false\"><option value=\"Transfert a\u00e9roport\">Transfert a\u00e9roport<\/option><option value=\"Bus\">Bus<\/option><option value=\"Mini bus\">Mini bus<\/option><option value=\"4x4\">4x4<\/option><option value=\"Particulier 4 places\">Particulier 4 places<\/option><option value=\"Particulier 7 places\">Particulier 7 places<\/option><option value=\"Autre (\u00e0 pr\u00e9ciser)\">Autre (\u00e0 pr\u00e9ciser)<\/option><\/select><\/span><\/label><\/p>\n<p><label> Message:<br \/>\n    <span class=\"wpcf7-form-control-wrap your-message\"><textarea name=\"your-message\" cols=\"40\" rows=\"10\" class=\"wpcf7-form-control wpcf7-textarea\" aria-invalid=\"false\"><\/textarea><\/span> <\/label><\/p>\n<p><span class=\"wpcf7-form-control-wrap acceptance-678\"><span class=\"wpcf7-form-control wpcf7-acceptance optional\"><span class=\"wpcf7-list-item\"><label><input type=\"checkbox\" name=\"acceptance-678\" value=\"1\" aria-invalid=\"false\" \/><span class=\"wpcf7-list-item-label\">J\u2019accepte que mes donn\u00e9es personnelles soient trait\u00e9es<\/span><\/label><\/span><\/span><\/span><\/p>\n<p><input type=\"submit\" value=\"Envoyer\" class=\"wpcf7-form-control wpcf7-submit\" \/><\/p>\n<div class=\"wpcf7-response-output\" aria-hidden=\"true\"><\/div><\/form><\/div><\/div>\n","protected":false},"excerpt":{"rendered":"<p>Nous vous proposons un parc automobile tr\u00e8s diversifi\u00e9 avec des &nbsp;v\u00e9hicules tous climatis\u00e9s pour vos&nbsp;: transfert vers ou au d\u00e9part de l&#8217;A\u00e9roport s\u00e9jours touristiques voyages d\u2019affaires excursions ou toutes autres activit\u00e9s R\u00e9servez d\u00e8s maintenant en remplissant ce formulaire<\/p>\n","protected":false},"author":1,"featured_media":0,"parent":0,"menu_order":0,"comment_status":"closed","ping_status":"closed","template":"","meta":{"neve_meta_sidebar":"full-width","neve_meta_container":"","neve_meta_enable_content_width":"on","neve_meta_content_width":100,"neve_meta_title_alignment":"","neve_meta_author_avatar":"","neve_post_elements_order":"","neve_meta_disable_header":"","neve_meta_disable_footer":"","neve_meta_disable_title":""},"_links":{"self":[{"href":"https:\/\/senegalsuntravel.sn\/index.php\/wp-json\/wp\/v2\/pages\/414"}],"collection":[{"href":"https:\/\/senegalsuntravel.sn\/index.php\/wp-json\/wp\/v2\/pages"}],"about":[{"href":"https:\/\/senegalsuntravel.sn\/index.php\/wp-json\/wp\/v2\/types\/page"}],"author":[{"embeddable":true,"href":"https:\/\/senegalsuntravel.sn\/index.php\/wp-json\/wp\/v2\/users\/1"}],"replies":[{"embeddable":true,"href":"https:\/\/senegalsuntravel.sn\/index.php\/wp-json\/wp\/v2\/comments?post=414"}],"version-history":[{"count":5,"href":"https:\/\/senegalsuntravel.sn\/index.php\/wp-json\/wp\/v2\/pages\/414\/revisions"}],"predecessor-version":[{"id":464,"href":"https:\/\/senegalsuntravel.sn\/index.php\/wp-json\/wp\/v2\/pages\/414\/revisions\/464"}],"wp:attachment":[{"href":"https:\/\/senegalsuntravel.sn\/index.php\/wp-json\/wp\/v2\/media?parent=414"}],"curies":[{"name":"wp","href":"https:\/\/api.w.org\/{rel}","templated":true}]}}