{"id":410,"date":"2021-08-13T19:58:50","date_gmt":"2021-08-13T17:58:50","guid":{"rendered":"http:\/\/senegalsuntravel.sn\/?page_id=410"},"modified":"2021-08-14T17:01:11","modified_gmt":"2021-08-14T15:01:11","slug":"hotel","status":"publish","type":"page","link":"https:\/\/senegalsuntravel.sn\/index.php\/hotel\/","title":{"rendered":"R\u00e9servation d&#8217;h\u00f4tel"},"content":{"rendered":"\n<div class=\"wp-block-media-text alignwide is-stacked-on-mobile\"><figure class=\"wp-block-media-text__media\"><img loading=\"lazy\" width=\"800\" height=\"501\" src=\"http:\/\/senegalsuntravel.sn\/wp-content\/uploads\/2021\/07\/main3.jpg\" alt=\"\" class=\"wp-image-102\" srcset=\"https:\/\/senegalsuntravel.sn\/wp-content\/uploads\/2021\/07\/main3.jpg 800w, https:\/\/senegalsuntravel.sn\/wp-content\/uploads\/2021\/07\/main3-300x188.jpg 300w, https:\/\/senegalsuntravel.sn\/wp-content\/uploads\/2021\/07\/main3-768x481.jpg 768w\" sizes=\"(max-width: 800px) 100vw, 800px\" \/><\/figure><div class=\"wp-block-media-text__content\">\n<p>Trouver un h\u00e9bergement adapt\u00e9 \u00e0 votre s\u00e9jour touristique n\u2019est pas toujours une t\u00e2che facile. Notre agence de Voyage vous propose plusieurs formules \u00e0 un prix tr\u00e8s comp\u00e9titif, d\u00e9fiant toute concurrence.<\/p>\n\n\n\n<p>Notre syst\u00e8me de r\u00e9servation d\u2019h\u00f4tel est \u00e0 la pointe des progr\u00e8s technologiques. Nous sommes en mesure de r\u00e9server votre h\u00f4tel, dans n\u2019importe quelle pays, au meilleur prix et \u00e0 la date qui vous convient le mieux.<\/p>\n\n\n\n<p><strong>Remplissez ce formulaire pour profiter de nos services<\/strong><\/p>\n<\/div><\/div>\n\n\n\n<div class=\"wp-block-contact-form-7-contact-form-selector\"><div role=\"form\" class=\"wpcf7\" id=\"wpcf7-f407-o1\" lang=\"fr-FR\" dir=\"ltr\">\n<div class=\"screen-reader-response\"><p role=\"status\" aria-live=\"polite\" aria-atomic=\"true\"><\/p> <ul><\/ul><\/div>\n<form action=\"\/index.php\/wp-json\/wp\/v2\/pages\/410#wpcf7-f407-o1\" method=\"post\" class=\"wpcf7-form init\" novalidate=\"novalidate\" data-status=\"init\">\n<div style=\"display: none;\">\n<input type=\"hidden\" name=\"_wpcf7\" value=\"407\" \/>\n<input type=\"hidden\" name=\"_wpcf7_version\" value=\"5.4.2\" \/>\n<input type=\"hidden\" name=\"_wpcf7_locale\" value=\"fr_FR\" \/>\n<input type=\"hidden\" name=\"_wpcf7_unit_tag\" value=\"wpcf7-f407-o1\" \/>\n<input type=\"hidden\" name=\"_wpcf7_container_post\" value=\"0\" \/>\n<input type=\"hidden\" name=\"_wpcf7_posted_data_hash\" value=\"\" \/>\n<\/div>\n<p><label> Nom Complet*:<br \/>\n<span class=\"wpcf7-form-control-wrap your-name\"><input type=\"text\" name=\"your-name\" value=\"\" size=\"40\" class=\"wpcf7-form-control wpcf7-text wpcf7-validates-as-required\" aria-required=\"true\" aria-invalid=\"false\" \/><\/span> <\/label><\/p>\n<p><label> E-mail*:<br \/>\n<span class=\"wpcf7-form-control-wrap your-email\"><input type=\"email\" name=\"your-email\" value=\"\" size=\"40\" class=\"wpcf7-form-control wpcf7-text wpcf7-email wpcf7-validates-as-required wpcf7-validates-as-email\" aria-required=\"true\" aria-invalid=\"false\" \/><\/span> <\/label><\/p>\n<p><label> Adresse:<br \/>\n<span class=\"wpcf7-form-control-wrap text-163\"><input type=\"text\" name=\"text-163\" value=\"\" size=\"40\" class=\"wpcf7-form-control wpcf7-text\" aria-invalid=\"false\" \/><\/span> <\/label><\/p>\n<p><label> T\u00e9l:<br \/>\n<span class=\"wpcf7-form-control-wrap tel-539\"><input type=\"tel\" name=\"tel-539\" value=\"\" size=\"40\" class=\"wpcf7-form-control wpcf7-text wpcf7-tel wpcf7-validates-as-tel\" aria-invalid=\"false\" placeholder=\"Pr\u00e9ciser l&#039;indicatif du pays\" \/><\/span> <\/label><\/p>\n<p><label> N\u00b0 Passeport:<br \/>\n<span class=\"wpcf7-form-control-wrap text-163\"><input type=\"text\" name=\"text-163\" value=\"\" size=\"40\" class=\"wpcf7-form-control wpcf7-text wpcf7-validates-as-required\" aria-required=\"true\" aria-invalid=\"false\" \/><\/span> <\/label><br \/>\n<label> Num\u00e9ro d'identification National:<br \/>\n<span class=\"wpcf7-form-control-wrap number-101\"><input type=\"number\" name=\"number-101\" value=\"\" class=\"wpcf7-form-control wpcf7-number wpcf7-validates-as-required wpcf7-validates-as-number\" aria-required=\"true\" aria-invalid=\"false\" \/><\/span> <\/label><\/p>\n<p><label> Date d'arriv\u00e9e*:<br \/>\n<span class=\"wpcf7-form-control-wrap date-777\"><input type=\"date\" name=\"date-777\" value=\"\" class=\"wpcf7-form-control wpcf7-date wpcf7-validates-as-required wpcf7-validates-as-date\" aria-required=\"true\" aria-invalid=\"false\" \/><\/span><\/label>  <label> Date de d\u00e9part*:<br \/>\n<span class=\"wpcf7-form-control-wrap date-113\"><input type=\"date\" name=\"date-113\" value=\"\" class=\"wpcf7-form-control wpcf7-date wpcf7-validates-as-required wpcf7-validates-as-date\" aria-required=\"true\" aria-invalid=\"false\" \/><\/span><\/label><\/p>\n<p><label> Pays de r\u00e9sidence:<br \/>\n<span class=\"wpcf7-form-control-wrap text-144\"><input type=\"text\" name=\"text-144\" value=\"\" size=\"40\" class=\"wpcf7-form-control wpcf7-text\" aria-invalid=\"false\" \/><\/span> <\/label> <label> Ville de r\u00e9sidence:<br \/>\n<span class=\"wpcf7-form-control-wrap text-464\"><input type=\"text\" name=\"text-464\" value=\"\" size=\"40\" class=\"wpcf7-form-control wpcf7-text\" aria-invalid=\"false\" \/><\/span> <\/label><\/p>\n<p><label> Pays de destination*:<br \/>\n<span class=\"wpcf7-form-control-wrap text-291\"><input type=\"text\" name=\"text-291\" value=\"\" size=\"40\" class=\"wpcf7-form-control wpcf7-text wpcf7-validates-as-required\" aria-required=\"true\" aria-invalid=\"false\" \/><\/span> <\/label> <label> Ville de destination*:<br \/>\n<span class=\"wpcf7-form-control-wrap text-291\"><input type=\"text\" name=\"text-291\" value=\"\" size=\"40\" class=\"wpcf7-form-control wpcf7-text wpcf7-validates-as-required\" aria-required=\"true\" aria-invalid=\"false\" \/><\/span> <\/label><\/p>\n<p><label> Formule*: <span class=\"wpcf7-form-control-wrap menu-821\"><select name=\"menu-821\" class=\"wpcf7-form-control wpcf7-select wpcf7-validates-as-required\" aria-required=\"true\" aria-invalid=\"false\"><option value=\"chambre simple\">chambre simple<\/option><option value=\"chambre double\">chambre double<\/option><option value=\"suite\">suite<\/option><option value=\"maison d&#039;h\u00f4te\">maison d&#039;h\u00f4te<\/option><\/select><\/span><\/label><\/p>\n<p><label> Message:<br \/>\n   <span class=\"wpcf7-form-control-wrap your-message\"><textarea name=\"your-message\" cols=\"40\" rows=\"10\" class=\"wpcf7-form-control wpcf7-textarea\" aria-invalid=\"false\"><\/textarea><\/span> <\/label><\/p>\n<p><span class=\"wpcf7-form-control-wrap acceptance-934\"><span class=\"wpcf7-form-control wpcf7-acceptance optional\"><span class=\"wpcf7-list-item\"><label><input type=\"checkbox\" name=\"acceptance-934\" value=\"1\" aria-invalid=\"false\" \/><span class=\"wpcf7-list-item-label\">J\u2019accepte que mes donn\u00e9es personnelles soient trait\u00e9es<\/span><\/label><\/span><\/span><\/span><\/p>\n<p><input type=\"submit\" value=\"Envoyer\" class=\"wpcf7-form-control wpcf7-submit\" \/><\/p>\n<div class=\"wpcf7-response-output\" aria-hidden=\"true\"><\/div><\/form><\/div><\/div>\n\n\n\n<p><\/p>\n","protected":false},"excerpt":{"rendered":"<p>Trouver un h\u00e9bergement adapt\u00e9 \u00e0 votre s\u00e9jour touristique n\u2019est pas toujours une t\u00e2che facile. Notre agence de Voyage vous propose plusieurs formules \u00e0 un prix tr\u00e8s comp\u00e9titif, d\u00e9fiant toute concurrence. Notre syst\u00e8me de r\u00e9servation d\u2019h\u00f4tel est \u00e0 la pointe des progr\u00e8s technologiques. Nous sommes en mesure de r\u00e9server votre h\u00f4tel, dans n\u2019importe quelle pays, au&hellip;&nbsp;<a href=\"https:\/\/senegalsuntravel.sn\/index.php\/hotel\/\" class=\"\" rel=\"bookmark\">Read More &raquo;<span class=\"screen-reader-text\">R\u00e9servation d&#8217;h\u00f4tel<\/span><\/a><\/p>\n","protected":false},"author":1,"featured_media":0,"parent":0,"menu_order":0,"comment_status":"closed","ping_status":"closed","template":"","meta":{"neve_meta_sidebar":"full-width","neve_meta_container":"","neve_meta_enable_content_width":"on","neve_meta_content_width":100,"neve_meta_title_alignment":"","neve_meta_author_avatar":"","neve_post_elements_order":"","neve_meta_disable_header":"","neve_meta_disable_footer":"","neve_meta_disable_title":""},"_links":{"self":[{"href":"https:\/\/senegalsuntravel.sn\/index.php\/wp-json\/wp\/v2\/pages\/410"}],"collection":[{"href":"https:\/\/senegalsuntravel.sn\/index.php\/wp-json\/wp\/v2\/pages"}],"about":[{"href":"https:\/\/senegalsuntravel.sn\/index.php\/wp-json\/wp\/v2\/types\/page"}],"author":[{"embeddable":true,"href":"https:\/\/senegalsuntravel.sn\/index.php\/wp-json\/wp\/v2\/users\/1"}],"replies":[{"embeddable":true,"href":"https:\/\/senegalsuntravel.sn\/index.php\/wp-json\/wp\/v2\/comments?post=410"}],"version-history":[{"count":9,"href":"https:\/\/senegalsuntravel.sn\/index.php\/wp-json\/wp\/v2\/pages\/410\/revisions"}],"predecessor-version":[{"id":449,"href":"https:\/\/senegalsuntravel.sn\/index.php\/wp-json\/wp\/v2\/pages\/410\/revisions\/449"}],"wp:attachment":[{"href":"https:\/\/senegalsuntravel.sn\/index.php\/wp-json\/wp\/v2\/media?parent=410"}],"curies":[{"name":"wp","href":"https:\/\/api.w.org\/{rel}","templated":true}]}}