{"id":120,"date":"2021-07-26T19:35:26","date_gmt":"2021-07-26T17:35:26","guid":{"rendered":"http:\/\/senegalsuntravel.sn\/?page_id=120"},"modified":"2021-09-02T17:13:14","modified_gmt":"2021-09-02T15:13:14","slug":"via-orange-money","status":"publish","type":"page","link":"https:\/\/senegalsuntravel.sn\/index.php\/via-orange-money\/","title":{"rendered":"Via Orange Money"},"content":{"rendered":"\n<div class=\"wp-block-group\"><div class=\"wp-block-group__inner-container\">\n<h1 class=\"has-text-color\" style=\"font-size:38px;color:#ba0c49\"><span style=\"color:#ff4500\" class=\"has-inline-color\">Payez nos services sans contraintes et en toute simplicit\u00e9 avec Orange Money&nbsp;:<\/span><\/h1>\n\n\n\n<p><strong>Apr\u00e8s une souscription \u00e0 orange money ou un t\u00e9l\u00e9chargement <strong>de l\u2019application<\/strong><\/strong> <strong>sur play store ou apple store, vous cr\u00e9ez et rechargez votre compte par carte bancaire ou dans les boutiques orange.<\/strong><\/p>\n\n\n\n<div class=\"wp-block-columns\">\n<div class=\"wp-block-column\">\n<p style=\"font-size:18px\">                                <strong><span style=\"text-decoration: underline;\">Notre code marchand&nbsp;:<\/span> <\/strong>212242<\/p>\n<\/div>\n\n\n\n<div class=\"wp-block-column\">\n<p><strong><u>Notre code QR&nbsp;:<\/u> <\/strong>scannez et pr\u00e9cisez le montant <\/p>\n<\/div>\n<\/div>\n\n\n\n<p><\/p>\n<\/div><\/div>\n\n\n\n<figure class=\"wp-block-gallery alignwide columns-2 is-cropped\"><ul class=\"blocks-gallery-grid\"><li class=\"blocks-gallery-item\"><figure><img loading=\"lazy\" width=\"1024\" height=\"712\" src=\"https:\/\/senegalsuntravel.sn\/wp-content\/uploads\/2021\/08\/image-paiement-marchand-1024x712.jpg\" alt=\"\" data-id=\"386\" data-full-url=\"https:\/\/senegalsuntravel.sn\/wp-content\/uploads\/2021\/08\/image-paiement-marchand.jpg\" data-link=\"https:\/\/senegalsuntravel.sn\/index.php\/via-orange-money\/image-paiement-marchand\/\" class=\"wp-image-386\" srcset=\"https:\/\/senegalsuntravel.sn\/wp-content\/uploads\/2021\/08\/image-paiement-marchand-1024x712.jpg 1024w, https:\/\/senegalsuntravel.sn\/wp-content\/uploads\/2021\/08\/image-paiement-marchand-300x209.jpg 300w, https:\/\/senegalsuntravel.sn\/wp-content\/uploads\/2021\/08\/image-paiement-marchand-768x534.jpg 768w, https:\/\/senegalsuntravel.sn\/wp-content\/uploads\/2021\/08\/image-paiement-marchand.jpg 1080w\" sizes=\"(max-width: 1024px) 100vw, 1024px\" \/><\/figure><\/li><li class=\"blocks-gallery-item\"><figure><img loading=\"lazy\" width=\"225\" height=\"224\" src=\"https:\/\/senegalsuntravel.sn\/wp-content\/uploads\/2021\/08\/Code-QR.png\" alt=\"\" data-id=\"385\" data-full-url=\"https:\/\/senegalsuntravel.sn\/wp-content\/uploads\/2021\/08\/Code-QR.png\" data-link=\"https:\/\/senegalsuntravel.sn\/index.php\/via-orange-money\/code-qr\/\" class=\"wp-image-385\" srcset=\"https:\/\/senegalsuntravel.sn\/wp-content\/uploads\/2021\/08\/Code-QR.png 225w, https:\/\/senegalsuntravel.sn\/wp-content\/uploads\/2021\/08\/Code-QR-150x150.png 150w\" sizes=\"(max-width: 225px) 100vw, 225px\" \/><\/figure><\/li><\/ul><\/figure>\n\n\n\n<ul><li>Confirmez votre paiement en saisissant votre code secret<\/li><li>Vous recevez un sms qui confirme la validation du paiement en m\u00eame temps que nous<\/li><\/ul>\n\n\n\n<p><\/p>\n","protected":false},"excerpt":{"rendered":"<p>Confirmez votre paiement en saisissant votre code secret Vous recevez un sms qui confirme la validation du paiement en m\u00eame temps que nous<\/p>\n","protected":false},"author":1,"featured_media":0,"parent":0,"menu_order":0,"comment_status":"closed","ping_status":"closed","template":"page-templates\/template-pagebuilder-full-width.php","meta":{"neve_meta_sidebar":"full-width","neve_meta_container":"","neve_meta_enable_content_width":"on","neve_meta_content_width":100,"neve_meta_title_alignment":"","neve_meta_author_avatar":"","neve_post_elements_order":"","neve_meta_disable_header":"","neve_meta_disable_footer":"","neve_meta_disable_title":""},"_links":{"self":[{"href":"https:\/\/senegalsuntravel.sn\/index.php\/wp-json\/wp\/v2\/pages\/120"}],"collection":[{"href":"https:\/\/senegalsuntravel.sn\/index.php\/wp-json\/wp\/v2\/pages"}],"about":[{"href":"https:\/\/senegalsuntravel.sn\/index.php\/wp-json\/wp\/v2\/types\/page"}],"author":[{"embeddable":true,"href":"https:\/\/senegalsuntravel.sn\/index.php\/wp-json\/wp\/v2\/users\/1"}],"replies":[{"embeddable":true,"href":"https:\/\/senegalsuntravel.sn\/index.php\/wp-json\/wp\/v2\/comments?post=120"}],"version-history":[{"count":17,"href":"https:\/\/senegalsuntravel.sn\/index.php\/wp-json\/wp\/v2\/pages\/120\/revisions"}],"predecessor-version":[{"id":557,"href":"https:\/\/senegalsuntravel.sn\/index.php\/wp-json\/wp\/v2\/pages\/120\/revisions\/557"}],"wp:attachment":[{"href":"https:\/\/senegalsuntravel.sn\/index.php\/wp-json\/wp\/v2\/media?parent=120"}],"curies":[{"name":"wp","href":"https:\/\/api.w.org\/{rel}","templated":true}]}}